{"id":486,"date":"2026-01-07T16:53:00","date_gmt":"2026-01-07T16:53:00","guid":{"rendered":"https:\/\/forysiak.rect.pl\/?page_id=486"},"modified":"2026-01-07T17:14:07","modified_gmt":"2026-01-07T17:14:07","slug":"blog","status":"publish","type":"page","link":"https:\/\/forysiak.rect.pl\/index.php\/blog\/","title":{"rendered":"Blog"},"content":{"rendered":"<div class=\"wpb-content-wrapper\"><p>[vc_row css=&#8221;.vc_custom_1481576227367{margin-top: 120px !important;margin-bottom: 60px !important;}&#8221;][vc_column]<div id=\"ultimate-heading-429569d912abb1f54\" class=\"uvc-heading ult-adjust-bottom-margin ultimate-heading-429569d912abb1f54 uvc-9366 \" data-hspacer=\"line_only\"  data-halign=\"center\" style=\"text-align:center\"><div class=\"uvc-heading-spacer line_only\" style=\"margin-bottom:40px;height:40px;\"><span class=\"uvc-headings-line\" style=\"border-style:solid;border-bottom-width:40px;border-color:#ccc;width:1px;\"><\/span><\/div><\/div>[vc_custom_heading text=&#8221;BLOG&#8221; font_container=&#8221;tag:h2|font_size:50px|text_align:center|color:%230A2D4B&#8221; google_fonts=&#8221;font_family:Forum%3Aregular|font_style:400%20regular%3A400%3Anormal&#8221; css=&#8221;&#8221;][vc_empty_space height=&#8221;20px&#8221;][vc_row_inner][vc_column_inner width=&#8221;1\/6&#8243;][\/vc_column_inner][vc_column_inner width=&#8221;2\/3&#8243;]<div id=\"naapo-recent-posts-shortcode-1\" class=\"widget des_recent_posts_widget sanok_recent_posts sanok-recent-posts without-scroller\"><div class=\"recent-posts-post image \" data-animation=\"animated no-animation\">\t\t\t\t\t\t\t\t<div class=\"featured-image\">\n\t\t\t\t\t\t\t\t\t<a href=\"https:\/\/forysiak.rect.pl\/index.php\/2026\/01\/07\/jak-dlugo-trwa-upadlosc-konsumencka\/\" title=\"Jak d\u0142ugo trwa upad\u0142o\u015b\u0107 konsumencka\">\n\t\t\t\t\t\t\t\t\t\t<img decoding=\"async\" alt=\"Jak d\u0142ugo trwa upad\u0142o\u015b\u0107 konsumencka\" src=\"https:\/\/forysiak.rect.pl\/wp-content\/uploads\/2026\/01\/judge-gavel-with-justice-lawyers-having-team-meeting-law-firm-background-concepts-law-legal-services.jpg\" title=\"Jak d\u0142ugo trwa upad\u0142o\u015b\u0107 konsumencka\"\/>\n\t\t\t\t\t\t\t\t\t\t<span class=\"post_overlay\">\n\t\t\t\t\t\t\t\t\t\t\t<i class=\"fa fa-plus\" aria-hidden=\"true\"><\/i>\n\t\t\t\t\t\t\t\t\t\t<\/span>\n\t\t\t\t\t\t\t\t\t<\/a>\n\t\t\t\t\t\t\t\t<\/div>\n\t\t\t\t\t\t\t\t\t\t\t\t\t<div class=\"recentpostsvc\">\n\t\t\t\t\t<div class=\"title\"><a href=\"https:\/\/forysiak.rect.pl\/index.php\/2026\/01\/07\/jak-dlugo-trwa-upadlosc-konsumencka\/\"><h4>Jak d\u0142ugo trwa upad\u0142o\u015b\u0107 konsumencka<\/h4><\/a><\/div>\n\t\t\t\t\t\n\t\t\t\t\t\t\t\t\t\t\t\t<div class=\"excerpt\"><p>Pomimo, i\u017c upad\u0142o\u015b\u0107 konsumencka nie jest now\u0105 instytucj\u0105 i szacuje si\u0119, \u017ce og\u0142osi\u0142o j\u0105 ju\u017c ponad 100.000 Polak\u00f3w, to nadal w przestrzeni publicznej funkcjonuje na jej temat wiele mit\u00f3w. Najcz\u0119stszym b\u0142\u0119dem jest wskazywanie, \u017ce upad\u0142o\u015b\u0107 mo\u017cemy og\u0142osi\u0107 raz na 10 lat. W ustawie prawo upad\u0142o\u015bciowe pr\u00f3\u017cno jednak szuka\u0107 przepisu wprowadzaj\u0105cego takie ograniczenie. Co wi\u0119cej, nierzadko \t\t\t\t\t\t\t<\/p><\/div>\n\t\t\t\t\t\t\t\n\t\t\t\t\t\t\t<a class=\"blog-read-more\" href=\"https:\/\/forysiak.rect.pl\/index.php\/2026\/01\/07\/jak-dlugo-trwa-upadlosc-konsumencka\/\">czytaj wi\u0119cej<\/a>\t\t\t\t\t\n\t\t\t\t\t<\/div><\/div><div class=\"recent-posts-post image \" data-animation=\"animated no-animation\">\t\t\t\t\t\t\t\t<div class=\"featured-image\">\n\t\t\t\t\t\t\t\t\t<a href=\"https:\/\/forysiak.rect.pl\/index.php\/2026\/01\/07\/kolejny-rekord-upadlosci-konsumenckich\/\" title=\"Kolejny rekord upad\u0142o\u015bci konsumenckich\">\n\t\t\t\t\t\t\t\t\t\t<img decoding=\"async\" alt=\"Kolejny rekord upad\u0142o\u015bci konsumenckich\" src=\"https:\/\/forysiak.rect.pl\/wp-content\/uploads\/2026\/01\/stylish-businessman-working-cafe.jpg\" title=\"Kolejny rekord upad\u0142o\u015bci konsumenckich\"\/>\n\t\t\t\t\t\t\t\t\t\t<span class=\"post_overlay\">\n\t\t\t\t\t\t\t\t\t\t\t<i class=\"fa fa-plus\" aria-hidden=\"true\"><\/i>\n\t\t\t\t\t\t\t\t\t\t<\/span>\n\t\t\t\t\t\t\t\t\t<\/a>\n\t\t\t\t\t\t\t\t<\/div>\n\t\t\t\t\t\t\t\t\t\t\t\t\t<div class=\"recentpostsvc\">\n\t\t\t\t\t<div class=\"title\"><a href=\"https:\/\/forysiak.rect.pl\/index.php\/2026\/01\/07\/kolejny-rekord-upadlosci-konsumenckich\/\"><h4>Kolejny rekord upad\u0142o\u015bci konsumenckich<\/h4><\/a><\/div>\n\t\t\t\t\t\n\t\t\t\t\t\t\t\t\t\t\t\t<div class=\"excerpt\"><p>Dopiero co po\u017cegnali\u015bmy 2025 rok, ale dzi\u0119ki MGBI znamy ju\u017c statystyki post\u0119powa\u0144 insolwencyjncyh. To co mog\u0142o nas zaskoczy\u0107 to mniejsza liczba upad\u0142o\u015bci przedsi\u0119biorstw. Restrukturyzacje rosn\u0105 kolejny rok z rz\u0119du, a liczba otwartych post\u0119powa\u0144 przebi\u0142a 5.000. W 2025 roku wszcz\u0119to 5132 post\u0119powa\u0144 restrukturyzacyjnych wobec podmiot\u00f3w prowadz\u0105cych dzia\u0142alno\u015b\u0107 gospodarcz\u0105. Ale oczywi\u015bcie najbardziej interesuj\u0105 nas upad\u0142o\u015bci konsumenckie, gdzie \t\t\t\t\t\t\t<\/p><\/div>\n\t\t\t\t\t\t\t\n\t\t\t\t\t\t\t<a class=\"blog-read-more\" href=\"https:\/\/forysiak.rect.pl\/index.php\/2026\/01\/07\/kolejny-rekord-upadlosci-konsumenckich\/\">czytaj wi\u0119cej<\/a>\t\t\t\t\t\n\t\t\t\t\t<\/div><\/div><\/div>[\/vc_column_inner][vc_column_inner width=&#8221;1\/6&#8243;][\/vc_column_inner][\/vc_row_inner][\/vc_column][\/vc_row]<\/p>\n<\/div>","protected":false},"excerpt":{"rendered":"<p>[vc_row css=&#8221;.vc_custom_1481576227367{margin-top: 120px !important;margin-bottom: 60px !important;}&#8221;][vc_column][vc_custom_heading text=&#8221;BLOG&#8221; font_container=&#8221;tag:h2|font_size:50px|text_align:center|color:%230A2D4B&#8221; google_fonts=&#8221;font_family:Forum%3Aregular|font_style:400%20regular%3A400%3Anormal&#8221; css=&#8221;&#8221;][vc_empty_space height=&#8221;20px&#8221;][vc_row_inner][vc_column_inner width=&#8221;1\/6&#8243;][\/vc_column_inner][vc_column_inner width=&#8221;2\/3&#8243;][\/vc_column_inner][vc_column_inner width=&#8221;1\/6&#8243;][\/vc_column_inner][\/vc_row_inner][\/vc_column][\/vc_row]<\/p>\n","protected":false},"author":1,"featured_media":0,"parent":0,"menu_order":0,"comment_status":"closed","ping_status":"closed","template":"page.php","meta":{"inline_featured_image":false,"footnotes":""},"class_list":["post-486","page","type-page","status-publish","hentry"],"_links":{"self":[{"href":"https:\/\/forysiak.rect.pl\/index.php\/wp-json\/wp\/v2\/pages\/486","targetHints":{"allow":["GET"]}}],"collection":[{"href":"https:\/\/forysiak.rect.pl\/index.php\/wp-json\/wp\/v2\/pages"}],"about":[{"href":"https:\/\/forysiak.rect.pl\/index.php\/wp-json\/wp\/v2\/types\/page"}],"author":[{"embeddable":true,"href":"https:\/\/forysiak.rect.pl\/index.php\/wp-json\/wp\/v2\/users\/1"}],"replies":[{"embeddable":true,"href":"https:\/\/forysiak.rect.pl\/index.php\/wp-json\/wp\/v2\/comments?post=486"}],"version-history":[{"count":3,"href":"https:\/\/forysiak.rect.pl\/index.php\/wp-json\/wp\/v2\/pages\/486\/revisions"}],"predecessor-version":[{"id":500,"href":"https:\/\/forysiak.rect.pl\/index.php\/wp-json\/wp\/v2\/pages\/486\/revisions\/500"}],"wp:attachment":[{"href":"https:\/\/forysiak.rect.pl\/index.php\/wp-json\/wp\/v2\/media?parent=486"}],"curies":[{"name":"wp","href":"https:\/\/api.w.org\/{rel}","templated":true}]}}