{"id":284,"date":"2021-05-16T21:21:38","date_gmt":"2021-05-16T21:21:38","guid":{"rendered":"https:\/\/preview.treethemes.com\/maple\/demo6\/?page_id=284"},"modified":"2026-03-02T08:38:26","modified_gmt":"2026-03-02T08:38:26","slug":"home","status":"publish","type":"page","link":"https:\/\/forysiak.rect.pl\/","title":{"rendered":"Strona g\u0142\u00f3wna"},"content":{"rendered":"<div class=\"wpb-content-wrapper\"><p>[vc_row][vc_column]\n\t\t\t\t<p class=\"rs-p-wp-fix\"><\/p>\n\t\t\t\t<sr7-module data-alias=\"demo7\" data-id=\"1\" id=\"SR7_1_1\" class=\"rs-respect-topbar rs-ov-hidden\" data-version=\"6.7.39\">\n\t\t\t\t\t<sr7-adjuster><\/sr7-adjuster>\n\t\t\t\t\t<sr7-content>\n\t\t\t\t\t\t<sr7-slide id=\"SR7_1_1-1\" data-key=\"1\">\n\t\t\t\t\t\t\t<sr7-txt id=\"SR7_1_1-1-7\" class=\"sr7-layer\">Konrad Forysiak radca prawny z empatycznym podej\u015bciem do Klienta. Posiada uprawnienia doradcy restrukturyzacyjnego. Specjalizuje si\u0119 w sprawach gospodarczych i rodzinnych, z naciskiem na prawo upad\u0142o\u015bciowe oraz post\u0119powanie egzekucyjne. <\/sr7-txt>\n\t\t\t\t\t\t\t<sr7-txt id=\"SR7_1_1-1-8\" class=\"sr7-layer\">KONRAD<br \/>\nFORYSIAK<\/sr7-txt>\n\t\t\t\t\t\t<\/sr7-slide>\n\t\t\t\t\t\t<sr7-slide id=\"SR7_1_1-6\" data-key=\"6\">\n\t\t\t\t\t\t<\/sr7-slide>\n\t\t\t\t\t<\/sr7-content>\n\t\t\t\t\t<image_lists style=\"display:none\">\n\t\t\t\t\t\t<img data-src=\"\/\/forysiak.rect.pl\/wp-content\/uploads\/2025\/12\/1-img-02.jpg\" data-libid=\"408\" title=\"img-02\" width=\"0\" height=\"0\" data-dbsrc=\"Ly9mb3J5c2lhay5yZWN0LnBsL3dwLWNvbnRlbnQvdXBsb2Fkcy8yMDI1LzEyLzEtaW1nLTAyLmpwZw==\"\/>\n\t\t\t\t\t\t<img data-src=\"\/\/forysiak.rect.pl\/wp-content\/uploads\/2025\/12\/img-03.jpg\" data-libid=\"409\" title=\"img-03\" width=\"0\" height=\"0\" data-dbsrc=\"Ly9mb3J5c2lhay5yZWN0LnBsL3dwLWNvbnRlbnQvdXBsb2Fkcy8yMDI1LzEyL2ltZy0wMy5qcGc=\"\/>\n\t\t\t\t\t<\/image_lists>\n\t\t\t\t<\/sr7-module>\n\t\t\t\t<script>\n\t\t\t\t\tSR7.PMH ??={}; SR7.PMH[\"SR7_1_1\"] = {cn:100,state:false,fn: function() { if (_tpt!==undefined && _tpt.prepareModuleHeight !== undefined) {  _tpt.prepareModuleHeight({id:\"SR7_1_1\",el:[900,900,767,960,720],type:'standard',shdw:'0',gh:[900,900,768,960,720],gw:[1240,1240,1024,778,480],vpt:['-100px&#039;,&#039;-100px&#039;,&#039;-100px&#039;,&#039;-100px&#039;,&#039;-100px'],size:{fullWidth:true, fullHeight:true},fho:'#masthead,',mh:'0',onh:0,onw:0,bg:{color:'{\"type\":\"solid\",\"orig\":\"#ffffff\",\"string\":\"rgba(255, 255, 255, 1)\"}'}});   SR7.PMH[\"SR7_1_1\"].state=true;} else if(SR7.PMH[\"SR7_1_1\"].cn-->0)\tsetTimeout( SR7.PMH[\"SR7_1_1\"].fn,19);}};SR7.PMH[\"SR7_1_1\" ].fn();\n\t\t\t\t<\/script>\n[\/vc_column][\/vc_row][vc_row css=&#8221;.vc_custom_1481576227367{margin-top: 120px !important;margin-bottom: 60px !important;}&#8221;][vc_column]<div id=\"ultimate-heading-282869d8fd82e9985\" class=\"uvc-heading ult-adjust-bottom-margin ultimate-heading-282869d8fd82e9985 uvc-3660 \" data-hspacer=\"line_only\"  data-halign=\"center\" style=\"text-align:center\"><div class=\"uvc-heading-spacer line_only\" style=\"margin-bottom:40px;height:40px;\"><span class=\"uvc-headings-line\" style=\"border-style:solid;border-bottom-width:40px;border-color:#ccc;width:1px;\"><\/span><\/div><\/div>[vc_custom_heading text=&#8221;KONRAD&#8221; font_container=&#8221;tag:h6|text_align:center|color:%230A2D4B&#8221; use_theme_fonts=&#8221;yes&#8221; css=&#8221;&#8221;][vc_custom_heading text=&#8221;FORYSIAK&#8221; font_container=&#8221;tag:h2|font_size:50px|text_align:center|color:%230A2D4B&#8221; google_fonts=&#8221;font_family:Forum%3Aregular|font_style:400%20regular%3A400%3Anormal&#8221; css=&#8221;&#8221;][vc_empty_space height=&#8221;20px&#8221;][vc_row_inner][vc_column_inner width=&#8221;1\/6&#8243;][\/vc_column_inner][vc_column_inner width=&#8221;2\/3&#8243;][vc_column_text css=&#8221;&#8221;]<\/p>\n<p align=\"justify\">Nasza Kancelaria oferuje kompleksowe doradztwo w kryzysie finansowym. S\u0142u\u017cymy wsparciem niezale\u017cnie od etapu sprawy, ale im wcze\u015bniej zdiagnozujemy problem i wska\u017cemy odpowiednie rozwi\u0105zanie zwi\u0119kszymy szans\u0119 na ko\u0144cowy sukces. Pomagamy zar\u00f3wno przedsi\u0119biorcom jak i osobom prywatnym. Gwarantujemy indywidulane podej\u015bcie do sprawy oraz zapewniamy wsparcie na ka\u017cdym etapie post\u0119powania.<\/p>\n<p>[\/vc_column_text][\/vc_column_inner][vc_column_inner width=&#8221;1\/6&#8243;][\/vc_column_inner][\/vc_row_inner][\/vc_column][\/vc_row][vc_row][vc_column][vc_column_text][\/vc_column_text][\/vc_column][\/vc_row][vc_row full_width=&#8221;stretch_row_content_no_spaces&#8221; equal_height=&#8221;yes&#8221; content_placement=&#8221;middle&#8221; bg_type=&#8221;bg_color&#8221; bg_override=&#8221;ex-full&#8221; bg_color_value=&#8221;#fbf6f1&#8243; css=&#8221;.vc_custom_1767794894479{margin-top: 0px !important;padding-top: 0px !important;}&#8221;][vc_column width=&#8221;1\/2&#8243;][vc_single_image image=&#8221;407&#8243; img_size=&#8221;full&#8221; css=&#8221;&#8221;][\/vc_column][vc_column css_animation=&#8221;fadeInUp&#8221; width=&#8221;1\/2&#8243;][vc_row_inner el_class=&#8221;mobile-text-left&#8221;][vc_column_inner width=&#8221;1\/6&#8243;][\/vc_column_inner][vc_column_inner width=&#8221;2\/3&#8243;]<div class=\"ult-spacer spacer-69d8fd82e99bf\" data-id=\"69d8fd82e99bf\" data-height=\"\" data-height-mobile=\"40\" data-height-tab=\"\" data-height-tab-portrait=\"\" data-height-mobile-landscape=\"40\" style=\"clear:both;display:block;\"><\/div>[vc_custom_heading text=&#8221;O nas&#8221; font_container=&#8221;tag:h6|text_align:center|color:%230A2D4B&#8221; use_theme_fonts=&#8221;yes&#8221; css=&#8221;&#8221;][vc_custom_heading text=&#8221;Poznaj nas&#8221; font_container=&#8221;tag:h2|text_align:center|color:%230A2D4B&#8221; google_fonts=&#8221;font_family:Forum%3Aregular|font_style:400%20regular%3A400%3Anormal&#8221; css=&#8221;&#8221;][vc_empty_space height=&#8221;20px&#8221;][vc_column_text css=&#8221;&#8221;]<\/p>\n<p align=\"justify\">Kancelaria posiada bogate do\u015bwiadczenie w reprezentacji Klient\u00f3w przed S\u0105dem w post\u0119powaniach upad\u0142o\u015bciowych i gospodarczych. Radca prawny Konrad Forysiak jest pe\u0142nomocnikiem w kilkuset post\u0119powaniach upad\u0142o\u015bciowych konsument\u00f3w oraz os\u00f3b fizycznych prowadz\u0105cych dzia\u0142alno\u015b\u0107 gospodarcz\u0105 (w tym rolnicz\u0105), zar\u00f3wno po stronie d\u0142u\u017cnika jak i wierzyciela. Bogate do\u015bwiadczenie w ramach post\u0119powa\u0144 insolwencyjnych obejmuje r\u00f3wnie\u017c przygotowana likwidacje (pre-pack), post\u0119powania restrukturyzacje, skargi paulia\u0144skie czy odpowiedzialno\u015b\u0107 cz\u0142on\u00f3w zarz\u0105du.<br \/>\nOd dnia 1 marca 2026 r. Kancelaria Radcy Prawnego Konrada Forysiaka posiada now\u0105 siedzib\u0119 w Warszawie przy ul. Ch\u0142odnej 48 lokal 168.<\/p>\n<p>[\/vc_column_text][vc_empty_space height=&#8221;20px&#8221;]<div class=\"ult-spacer spacer-69d8fd82e99d4\" data-id=\"69d8fd82e99d4\" data-height=\"\" data-height-mobile=\"40\" data-height-tab=\"\" data-height-tab-portrait=\"\" data-height-mobile-landscape=\"40\" style=\"clear:both;display:block;\"><\/div>[\/vc_column_inner][vc_column_inner width=&#8221;1\/6&#8243;][\/vc_column_inner][\/vc_row_inner][\/vc_column][\/vc_row][vc_row css=&#8221;.vc_custom_1481576227367{margin-top: 120px !important;margin-bottom: 60px !important;}&#8221;][vc_column]<div id=\"ultimate-heading-256069d8fd82e99f3\" class=\"uvc-heading ult-adjust-bottom-margin ultimate-heading-256069d8fd82e99f3 uvc-1509 \" data-hspacer=\"line_only\"  data-halign=\"center\" style=\"text-align:center\"><div class=\"uvc-heading-spacer line_only\" style=\"margin-bottom:40px;height:40px;\"><span class=\"uvc-headings-line\" style=\"border-style:solid;border-bottom-width:40px;border-color:#ccc;width:1px;\"><\/span><\/div><\/div>[vc_custom_heading text=&#8221;AKTUALNO\u015aCI&#8221; font_container=&#8221;tag:h2|font_size:50px|text_align:center|color:%230A2D4B&#8221; google_fonts=&#8221;font_family:Forum%3Aregular|font_style:400%20regular%3A400%3Anormal&#8221; css=&#8221;&#8221;][vc_empty_space height=&#8221;20px&#8221;][vc_row_inner][vc_column_inner width=&#8221;1\/6&#8243;][\/vc_column_inner][vc_column_inner width=&#8221;2\/3&#8243;]<div id=\"naapo-recent-posts-shortcode-1\" class=\"widget des_recent_posts_widget sanok_recent_posts sanok-recent-posts without-scroller\"><div class=\"recent-posts-post image \" data-animation=\"animated no-animation\">\t\t\t\t\t\t\t\t<div class=\"featured-image\">\n\t\t\t\t\t\t\t\t\t<a href=\"https:\/\/forysiak.rect.pl\/index.php\/2026\/01\/07\/zmiana-siedziby-kancelarii\/\" title=\"Zmiana siedziby Kancelarii\">\n\t\t\t\t\t\t\t\t\t\t<img decoding=\"async\" alt=\"Zmiana siedziby Kancelarii\" src=\"https:\/\/forysiak.rect.pl\/wp-content\/uploads\/2026\/01\/high-angle-shot-warsaw-poland-sunset.jpg\" title=\"Zmiana siedziby Kancelarii\"\/>\n\t\t\t\t\t\t\t\t\t\t<span class=\"post_overlay\">\n\t\t\t\t\t\t\t\t\t\t\t<i class=\"fa fa-plus\" aria-hidden=\"true\"><\/i>\n\t\t\t\t\t\t\t\t\t\t<\/span>\n\t\t\t\t\t\t\t\t\t<\/a>\n\t\t\t\t\t\t\t\t<\/div>\n\t\t\t\t\t\t\t\t\t\t\t\t\t<div class=\"recentpostsvc\">\n\t\t\t\t\t<div class=\"title\"><a href=\"https:\/\/forysiak.rect.pl\/index.php\/2026\/01\/07\/zmiana-siedziby-kancelarii\/\"><h4>Zmiana siedziby Kancelarii<\/h4><\/a><\/div>\n\t\t\t\t\t\n\t\t\t\t\t\t\t\t\t\t\t\t<div class=\"excerpt\"><p>Z dniem 1 marca 2026 r. Kancelaria Radcy Prawnego Konrada Forysiaka posiada now\u0105 siedzib\u0119 w Warszawie przy ul. Ch\u0142odnej 48 lokal 168.\t\t\t\t\t\t\t<\/p><\/div>\n\t\t\t\t\t\t\t\n\t\t\t\t\t\t\t<a class=\"blog-read-more\" href=\"https:\/\/forysiak.rect.pl\/index.php\/2026\/01\/07\/zmiana-siedziby-kancelarii\/\">czytaj wi\u0119cej<\/a>\t\t\t\t\t\n\t\t\t\t\t<\/div><\/div><div class=\"recent-posts-post image \" data-animation=\"animated no-animation\">\t\t\t\t\t\t\t\t<div class=\"featured-image\">\n\t\t\t\t\t\t\t\t\t<a href=\"https:\/\/forysiak.rect.pl\/index.php\/2026\/01\/07\/zmiana-siedziby-kancelarii-2\/\" title=\"Nowy wpis na blogu\">\n\t\t\t\t\t\t\t\t\t\t<img decoding=\"async\" alt=\"Nowy wpis na blogu\" src=\"https:\/\/forysiak.rect.pl\/wp-content\/uploads\/2026\/01\/networking-media-sharing-icons-graphic-concept.jpg\" title=\"Nowy wpis na blogu\"\/>\n\t\t\t\t\t\t\t\t\t\t<span class=\"post_overlay\">\n\t\t\t\t\t\t\t\t\t\t\t<i class=\"fa fa-plus\" aria-hidden=\"true\"><\/i>\n\t\t\t\t\t\t\t\t\t\t<\/span>\n\t\t\t\t\t\t\t\t\t<\/a>\n\t\t\t\t\t\t\t\t<\/div>\n\t\t\t\t\t\t\t\t\t\t\t\t\t<div class=\"recentpostsvc\">\n\t\t\t\t\t<div class=\"title\"><a href=\"https:\/\/forysiak.rect.pl\/index.php\/2026\/01\/07\/zmiana-siedziby-kancelarii-2\/\"><h4>Nowy wpis na blogu<\/h4><\/a><\/div>\n\t\t\t\t\t\n\t\t\t\t\t\t\t\t\t\t\t\t<div class=\"excerpt\"><p>Na blogu pojawi\u0142 si\u0119 nowy artyku\u0142 po\u015bwi\u0119cony aktualnym statystykom upad\u0142o\u015bci konsumenckich w Polsce. Analizujemy dane za 2025 rok, wskazuj\u0105c na kolejny rekord \u2013 ponad 21 tys. og\u0142oszonych upad\u0142o\u015bci konsumenckich, trzeci rok z rz\u0119du powy\u017cej granicy 20 tys. Sprawdzamy te\u017c, co dzieje si\u0119 z restrukturyzacjami przedsi\u0119biorstw, jakie znaczenie ma dzia\u0142aj\u0105cy KRZ i rozprawy zdalne oraz jak \t\t\t\t\t\t\t<\/p><\/div>\n\t\t\t\t\t\t\t\n\t\t\t\t\t\t\t<a class=\"blog-read-more\" href=\"https:\/\/forysiak.rect.pl\/index.php\/2026\/01\/07\/zmiana-siedziby-kancelarii-2\/\">czytaj wi\u0119cej<\/a>\t\t\t\t\t\n\t\t\t\t\t<\/div><\/div><\/div>[\/vc_column_inner][vc_column_inner width=&#8221;1\/6&#8243;][\/vc_column_inner][\/vc_row_inner][\/vc_column][\/vc_row][vc_row full_width=&#8221;stretch_row&#8221; bg_type=&#8221;bg_color&#8221; enable_overlay=&#8221;enable_overlay_value&#8221; overlay_color=&#8221;rgba(0,0,0,0.88)&#8221; css=&#8221;.vc_custom_1767804262677{padding-top: 120px !important;padding-bottom: 120px !important;}&#8221; bg_color_value=&#8221;#141414&#8243;][vc_column][vc_empty_space height=&#8221;50px&#8221;][vc_custom_heading text=&#8221;KONTAKT&#8221; font_container=&#8221;tag:h2|font_size:38px|text_align:center|color:%23f2f2f2|line_height:42px&#8221; google_fonts=&#8221;font_family:Forum%3Aregular|font_style:400%20regular%3A400%3Anormal&#8221; css=&#8221;&#8221;][vc_empty_space height=&#8221;50px&#8221;][vc_row_inner][vc_column_inner width=&#8221;1\/3&#8243;]<div class=\"aio-icon-component    style_1\"><div id=\"Info-box-wrap-3973\" class=\"aio-icon-box default-icon\" style=\"\"  ><div class=\"aio-icon-default\"><div class=\"ult-just-icon-wrapper  \"><div class=\"align-icon\" style=\"text-align:center;\">\n<div class=\"aio-icon none \"  style=\"color:#FFFFFF;font-size:32px;display:inline-block;\">\n\t<i class=\"linearicons-map-marker\"><\/i>\n<\/div><\/div><\/div><\/div><div class=\"aio-icon-header\" ><h3 class=\"aio-icon-title ult-responsive\"  data-ultimate-target='#Info-box-wrap-3973 .aio-icon-title'  data-responsive-json-new='{\"font-size\":\"\",\"line-height\":\"\"}'  style=\"color:#FFFFFF;\">ul Ch\u0142odna 48 lokal 168<\/h3><\/div> <!-- header --><\/div> <!-- aio-icon-box --><\/div> <!-- aio-icon-component -->[\/vc_column_inner][vc_column_inner width=&#8221;1\/3&#8243;]<div class=\"aio-icon-component    style_1\"><div id=\"Info-box-wrap-7515\" class=\"aio-icon-box default-icon\" style=\"\"  ><div class=\"aio-icon-default\"><div class=\"ult-just-icon-wrapper  \"><div class=\"align-icon\" style=\"text-align:center;\">\n<div class=\"aio-icon none \"  style=\"color:#FFFFFF;font-size:32px;display:inline-block;\">\n\t<i class=\"linearicons-envelope\"><\/i>\n<\/div><\/div><\/div><\/div><div class=\"aio-icon-header\" ><h3 class=\"aio-icon-title ult-responsive\"  data-ultimate-target='#Info-box-wrap-7515 .aio-icon-title'  data-responsive-json-new='{\"font-size\":\"\",\"line-height\":\"\"}'  style=\"color:#FFFFFF;\">kancelaria@forysiak.pl<\/h3><\/div> <!-- header --><\/div> <!-- aio-icon-box --><\/div> <!-- aio-icon-component -->[\/vc_column_inner][vc_column_inner width=&#8221;1\/3&#8243;]<div class=\"aio-icon-component    style_1\"><div id=\"Info-box-wrap-5386\" class=\"aio-icon-box default-icon\" style=\"\"  ><div class=\"aio-icon-default\"><div class=\"ult-just-icon-wrapper  \"><div class=\"align-icon\" style=\"text-align:center;\">\n<div class=\"aio-icon none \"  style=\"color:#FFFFFF;font-size:32px;display:inline-block;\">\n\t<i class=\"linearicons-phone\"><\/i>\n<\/div><\/div><\/div><\/div><div class=\"aio-icon-header\" ><h3 class=\"aio-icon-title ult-responsive\"  data-ultimate-target='#Info-box-wrap-5386 .aio-icon-title'  data-responsive-json-new='{\"font-size\":\"\",\"line-height\":\"\"}'  style=\"color:#FFFFFF;\">+48 668 442 993<\/h3><\/div> <!-- header --><\/div> <!-- aio-icon-box --><\/div> <!-- aio-icon-component -->[\/vc_column_inner][\/vc_row_inner][vc_empty_space height=&#8221;50px&#8221;]\n<div class=\"wpcf7 no-js\" id=\"wpcf7-f446-o1\" lang=\"pl-PL\" dir=\"ltr\" data-wpcf7-id=\"446\">\n<div class=\"screen-reader-response\"><p role=\"status\" aria-live=\"polite\" aria-atomic=\"true\"><\/p> <ul><\/ul><\/div>\n<form action=\"\/index.php\/wp-json\/wp\/v2\/pages\/284#wpcf7-f446-o1\" method=\"post\" class=\"wpcf7-form init\" aria-label=\"Formularz kontaktowy\" novalidate=\"novalidate\" data-status=\"init\">\n<fieldset class=\"hidden-fields-container\"><input type=\"hidden\" name=\"_wpcf7\" value=\"446\" \/><input type=\"hidden\" name=\"_wpcf7_version\" value=\"6.1.4\" \/><input type=\"hidden\" name=\"_wpcf7_locale\" value=\"pl_PL\" \/><input type=\"hidden\" name=\"_wpcf7_unit_tag\" value=\"wpcf7-f446-o1\" \/><input type=\"hidden\" name=\"_wpcf7_container_post\" value=\"0\" \/><input type=\"hidden\" name=\"_wpcf7_posted_data_hash\" value=\"\" \/>\n<\/fieldset>\n<div class=\"sanok-form-simple dark\">\n\t<div class=\"f-name\">\n\t\t<p><span class=\"wpcf7-form-control-wrap\" data-name=\"your-name\"><input size=\"40\" maxlength=\"400\" class=\"wpcf7-form-control wpcf7-text wpcf7-validates-as-required\" aria-required=\"true\" aria-invalid=\"false\" placeholder=\"Imi\u0119 *\" value=\"\" type=\"text\" name=\"your-name\" \/><\/span>\n\t\t<\/p>\n\t<\/div>\n\t<div class=\"f-email\">\n\t\t<p><span class=\"wpcf7-form-control-wrap\" data-name=\"your-email\"><input size=\"40\" maxlength=\"400\" class=\"wpcf7-form-control wpcf7-email wpcf7-validates-as-required wpcf7-text wpcf7-validates-as-email\" aria-required=\"true\" aria-invalid=\"false\" placeholder=\"Adres e-mail*\" value=\"\" type=\"email\" name=\"your-email\" \/><\/span>\n\t\t<\/p>\n\t<\/div>\n\t<div class=\"f-subject\">\n\t\t<p><span class=\"wpcf7-form-control-wrap\" data-name=\"your-tel\"><input size=\"40\" maxlength=\"400\" class=\"wpcf7-form-control wpcf7-text\" aria-invalid=\"false\" placeholder=\"Numer telefonu\" value=\"\" type=\"text\" name=\"your-tel\" \/><\/span>\n\t\t<\/p>\n\t<\/div>\n\t<div class=\"f-message\">\n\t\t<p><span class=\"wpcf7-form-control-wrap\" data-name=\"your-message\"><textarea cols=\"40\" rows=\"10\" maxlength=\"2000\" class=\"wpcf7-form-control wpcf7-textarea wpcf7-validates-as-required\" aria-required=\"true\" aria-invalid=\"false\" placeholder=\"Wiadomo\u015b\u0107 *\" name=\"your-message\"><\/textarea><\/span>\n\t\t<\/p>\n\t<\/div>\n\t<div class=\"bt-contact\">\n\t\t<p><a class=\"button-dark\"  href=\"\"><span><input class=\"wpcf7-form-control wpcf7-submit has-spinner\" type=\"submit\" value=\"WY\u015aLIJ WIADOMO\u015a\u0106\" \/><\/span><\/a>\n\t\t<\/p>\n\t<\/div>\n<\/div><div class=\"wpcf7-response-output\" aria-hidden=\"true\"><\/div>\n<\/form>\n<\/div>\n[\/vc_column][\/vc_row]<\/p>\n<\/div>","protected":false},"excerpt":{"rendered":"<p>[vc_row][vc_column][\/vc_column][\/vc_row][vc_row css=&#8221;.vc_custom_1481576227367{margin-top: 120px !important;margin-bottom: 60px !important;}&#8221;][vc_column][vc_custom_heading text=&#8221;KONRAD&#8221; font_container=&#8221;tag:h6|text_align:center|color:%230A2D4B&#8221; use_theme_fonts=&#8221;yes&#8221; css=&#8221;&#8221;][vc_custom_heading text=&#8221;FORYSIAK&#8221; font_container=&#8221;tag:h2|font_size:50px|text_align:center|color:%230A2D4B&#8221; google_fonts=&#8221;font_family:Forum%3Aregular|font_style:400%20regular%3A400%3Anormal&#8221; css=&#8221;&#8221;][vc_empty_space height=&#8221;20px&#8221;][vc_row_inner][vc_column_inner width=&#8221;1\/6&#8243;][\/vc_column_inner][vc_column_inner width=&#8221;2\/3&#8243;][vc_column_text css=&#8221;&#8221;] Nasza Kancelaria oferuje kompleksowe doradztwo w kryzysie finansowym. S\u0142u\u017cymy wsparciem niezale\u017cnie od etapu sprawy, ale im wcze\u015bniej zdiagnozujemy problem i wska\u017cemy odpowiednie rozwi\u0105zanie zwi\u0119kszymy szans\u0119 na ko\u0144cowy sukces. Pomagamy zar\u00f3wno przedsi\u0119biorcom jak i osobom prywatnym. Gwarantujemy indywidulane [&hellip;]<\/p>\n","protected":false},"author":2,"featured_media":0,"parent":0,"menu_order":0,"comment_status":"closed","ping_status":"closed","template":"page.php","meta":{"inline_featured_image":false,"footnotes":""},"class_list":["post-284","page","type-page","status-publish","hentry"],"_links":{"self":[{"href":"https:\/\/forysiak.rect.pl\/index.php\/wp-json\/wp\/v2\/pages\/284","targetHints":{"allow":["GET"]}}],"collection":[{"href":"https:\/\/forysiak.rect.pl\/index.php\/wp-json\/wp\/v2\/pages"}],"about":[{"href":"https:\/\/forysiak.rect.pl\/index.php\/wp-json\/wp\/v2\/types\/page"}],"author":[{"embeddable":true,"href":"https:\/\/forysiak.rect.pl\/index.php\/wp-json\/wp\/v2\/users\/2"}],"replies":[{"embeddable":true,"href":"https:\/\/forysiak.rect.pl\/index.php\/wp-json\/wp\/v2\/comments?post=284"}],"version-history":[{"count":21,"href":"https:\/\/forysiak.rect.pl\/index.php\/wp-json\/wp\/v2\/pages\/284\/revisions"}],"predecessor-version":[{"id":534,"href":"https:\/\/forysiak.rect.pl\/index.php\/wp-json\/wp\/v2\/pages\/284\/revisions\/534"}],"wp:attachment":[{"href":"https:\/\/forysiak.rect.pl\/index.php\/wp-json\/wp\/v2\/media?parent=284"}],"curies":[{"name":"wp","href":"https:\/\/api.w.org\/{rel}","templated":true}]}}